{"id":2,"date":"2018-07-27T12:04:45","date_gmt":"2018-07-27T09:04:45","guid":{"rendered":"https:\/\/stellarrain.lv\/astro\/?page_id=2"},"modified":"2024-02-07T17:17:44","modified_gmt":"2024-02-07T15:17:44","slug":"par-mani","status":"publish","type":"page","link":"https:\/\/stellarrain.lv\/astro\/par-mani\/","title":{"rendered":"Par mani"},"content":{"rendered":"\n<div class=\"wp-block-media-text alignwide is-stacked-on-mobile is-vertically-aligned-top\" style=\"grid-template-columns:26% auto\"><figure class=\"wp-block-media-text__media\"><img loading=\"lazy\" width=\"682\" height=\"1024\" src=\"http:\/\/stellarrain.lv\/astro\/wp-content\/uploads\/2024\/02\/Jolanta_Krumina-682x1024.jpeg\" alt=\"Jolanta Krumina\" class=\"wp-image-319 size-full\" srcset=\"https:\/\/stellarrain.lv\/astro\/wp-content\/uploads\/2024\/02\/Jolanta_Krumina-682x1024.jpeg 682w, https:\/\/stellarrain.lv\/astro\/wp-content\/uploads\/2024\/02\/Jolanta_Krumina-200x300.jpeg 200w, https:\/\/stellarrain.lv\/astro\/wp-content\/uploads\/2024\/02\/Jolanta_Krumina-768x1153.jpeg 768w, https:\/\/stellarrain.lv\/astro\/wp-content\/uploads\/2024\/02\/Jolanta_Krumina-1023x1536.jpeg 1023w, https:\/\/stellarrain.lv\/astro\/wp-content\/uploads\/2024\/02\/Jolanta_Krumina-816x1225.jpeg 816w, https:\/\/stellarrain.lv\/astro\/wp-content\/uploads\/2024\/02\/Jolanta_Krumina.jpeg 1066w\" sizes=\"(max-width: 682px) 100vw, 682px\" \/><\/figure><div class=\"wp-block-media-text__content\">\n<p>Mani sauc Jolanta Kr\u016bmi\u0146a.<br>Dzimusi esmu 1965. gada 18. novembr\u012b, Liep\u0101j\u0101.<br>Tas noz\u012bm\u0113, ka p\u0113c Saules z\u012bmes esmu Skorpions.<br>Man \u0161aj\u0101 dz\u012bv\u0113 ir laim\u0113jies, t\u0101 es teiktu \u2013 jo varu dar\u012bt to, ko patiesi m\u012blu.<br>\u0160\u012b ir mana virtu\u0101l\u0101 m\u0101jvieta, kur\u0101 aicinu ciemoties ar\u012b Tevi.<br>P\u0113c savas akad\u0113misk\u0101s izgl\u012bt\u012bbas esmu pedagogs ar daudzu gadu darba pieredzi skol\u0101, k\u0101 v\u0113stures skolot\u0101js.<br>Vispirms esmu skolot\u0101js un t\u0101d\u0113\u013c, ja ir interese par izgl\u012bto\u0161anos astrolo\u0123ij\u0101, vari iepaz\u012bties sada\u013c\u0101 <a href=\"https:\/\/stellarrain.lv\/astro\/astrologijas-skola\/\"><strong>astrolo\u0123ijas studija<\/strong><\/a>.<br>2012. gada septembr\u012b Liep\u0101j\u0101 durvis v\u0113ra \u201cJolantas Kr\u016bmi\u0146as astrolo\u0123ijas studija\u201d.<\/p>\n<\/div><\/div>\n\n\n<p><input id=\"page_nosaukums\" type=\"hidden\" value=\"Par_Mani\" \/><\/p>\n<div>\n<p><span style=\"font-size: revert; color: initial;\">Esmu Latvijas Astrologu asoci\u0101cijas sertific\u0113ts astrologs un sniedzu ar\u012b konsult\u0101cijas. Ja Tevi tas interes\u0113, l\u016bgums izlas\u012bt sada\u013cu <\/span><a style=\"font-size: revert;\" href=\"https:\/\/stellarrain.lv\/astro\/konsultacijas\/\"><b><span style=\"text-decoration: underline; color: black;\">konsult\u0101cijas<\/span><\/b><\/a><span style=\"font-size: revert; color: initial;\">.<\/span><\/p>\n<div>\n<p><span style=\"text-decoration: underline;\">Ieskats man\u0101 astrolo\u0123iskaj\u0101 (un ne tikai) izgl\u012bt\u012bb\u0101:<\/span><br \/>Andra Ra\u010da astrolo\u0123ijas skola<br \/>Maskavas Astrolo\u0123ijas akad\u0113mija<br \/>Praktisk\u0101 astrolo\u0123ija (J\u0101nis Vilci\u0146\u0161)<br \/>Hor\u0101r\u0101 un elekt\u012bv\u0101 astrolo\u0123ija (J\u0101nis B\u0113ni\u0137is)<\/p>\n<\/div>\n<\/div>\n<div style=\"margin: 0; padding: 0; margin-top: 20px; overflow: hidden;\">\n<div style=\"display: inline-block; width: 45%; float: left;\">\u00a0<\/div>\n<div style=\"display: inline-block; width: 45%; float: right;\">\n<p>No 2012. gada l\u012bdz pat \u0161im br\u012bdim mans Skolot\u0101js (Aleksandrs Sokolovs)<\/p>\n<\/div>\n<\/div>\n<div style=\"margin: 0; padding: 0; margin-top: 5px; overflow: hidden;\">\n<div style=\"display: inline-block; width: 45%; float: left;\"><img class=\"alignnone size-medium wp-image-94\" style=\"width: 100%;\" src=\"https:\/\/stellarrain.lv\/astro\/wp-content\/uploads\/2018\/11\/42572708_1130786543713243_5669196555425415168_n.jpg\" alt=\"\" \/><\/div>\n<div style=\"display: inline-block; width: 45%; float: right;\"><img class=\"alignnone size-medium wp-image-91\" style=\"width: 100%;\" src=\"https:\/\/stellarrain.lv\/astro\/wp-content\/uploads\/2018\/11\/42543852_1796548707060668_5544541086778654720_n.jpg\" alt=\"\" \/><\/div>\n<\/div>\n<div style=\"margin: 0; padding: 0; margin-top: 20px; overflow: hidden;\">\n<div style=\"display: inline-block; width: 45%; float: left;\">\n<p style=\"text-decoration: underline;\">Da\u017e\u0101di kursi un semin\u0101ri, kur apguvu, apg\u016bstu un v\u0113l apg\u016b\u0161u ar\u012b n\u0101kotn\u0113 zin\u012bbas:<\/p>\n<\/div>\n<div style=\"display: inline-block; width: 45%; float: right;\">Nat\u0101l\u0101 astrolo\u0123ija (D\u017e. Froulijs)<br \/>Hor\u0101r\u0101 astrolo\u0123ija (D\u017e. Froulijs)<\/div>\n<\/div>\n<div style=\"margin: 0; padding: 0; margin-top: 5px; overflow: hidden;\">\n<div style=\"display: inline-block; width: 45%; float: left;\"><img class=\"alignnone size-medium wp-image-90\" style=\"width: 100%;\" src=\"https:\/\/stellarrain.lv\/astro\/wp-content\/uploads\/2018\/11\/42535636_477419096092642_2199515226875887616_n.jpg\" alt=\"\" \/><\/div>\n<div style=\"display: inline-block; width: 45%; float: right;\"><img class=\"alignnone size-medium wp-image-92\" style=\"width: 100%;\" src=\"https:\/\/stellarrain.lv\/astro\/wp-content\/uploads\/2018\/11\/42559796_342683409637558_266237442061762560_n.jpg\" alt=\"\" \/><\/div>\n<\/div>\n<div>\n<p>Medic\u012bnisk\u0101 astrolo\u0123ija (O. Hofmans)<br \/>Nekust\u012bg\u0101s zvaigznes astrolo\u0123ij\u0101 un prognoz\u0113\u0161an\u0101 (O. Hofmans)<br \/>Litoterapija.<br \/>Taro ( E. Kilgasts)<br \/>R\u016bnas, to izpratne un pielietojums.<\/p>\n<\/div>\n<p><img class=\"alignnone size-medium wp-image-93\" style=\"width: 80%;\" src=\"https:\/\/stellarrain.lv\/astro\/wp-content\/uploads\/2018\/11\/42570061_1106927449484055_4146514315509235712_n.jpg\" alt=\"\" \/><\/p>","protected":false},"excerpt":{"rendered":"<p>Mani sauc Jolanta Kr\u016bmi\u0146a.Dzimusi esmu 1965. gada 18. novembr\u012b, Liep\u0101j\u0101.Tas noz\u012bm\u0113, ka p\u0113c Saules z\u012bmes esmu Skorpions.Man \u0161aj\u0101 dz\u012bv\u0113 ir laim\u0113jies, t\u0101 es teiktu \u2013 jo varu dar\u012bt to, ko patiesi m\u012blu.\u0160\u012b ir mana virtu\u0101l\u0101 m\u0101jvieta, kur\u0101 aicinu ciemoties ar\u012b Tevi.P\u0113c savas akad\u0113misk\u0101s izgl\u012bt\u012bbas esmu pedagogs ar daudzu gadu darba pieredzi skol\u0101, k\u0101 v\u0113stures skolot\u0101js.Vispirms [&hellip;]<\/p>\n","protected":false},"author":1,"featured_media":0,"parent":0,"menu_order":0,"comment_status":"closed","ping_status":"closed","template":"","meta":[],"_links":{"self":[{"href":"https:\/\/stellarrain.lv\/astro\/wp-json\/wp\/v2\/pages\/2"}],"collection":[{"href":"https:\/\/stellarrain.lv\/astro\/wp-json\/wp\/v2\/pages"}],"about":[{"href":"https:\/\/stellarrain.lv\/astro\/wp-json\/wp\/v2\/types\/page"}],"author":[{"embeddable":true,"href":"https:\/\/stellarrain.lv\/astro\/wp-json\/wp\/v2\/users\/1"}],"replies":[{"embeddable":true,"href":"https:\/\/stellarrain.lv\/astro\/wp-json\/wp\/v2\/comments?post=2"}],"version-history":[{"count":23,"href":"https:\/\/stellarrain.lv\/astro\/wp-json\/wp\/v2\/pages\/2\/revisions"}],"predecessor-version":[{"id":327,"href":"https:\/\/stellarrain.lv\/astro\/wp-json\/wp\/v2\/pages\/2\/revisions\/327"}],"wp:attachment":[{"href":"https:\/\/stellarrain.lv\/astro\/wp-json\/wp\/v2\/media?parent=2"}],"curies":[{"name":"wp","href":"https:\/\/api.w.org\/{rel}","templated":true}]}}