{"id":210,"date":"2018-12-30T18:35:47","date_gmt":"2018-12-30T16:35:47","guid":{"rendered":"https:\/\/stellarrain.lv\/astro\/?page_id=210"},"modified":"2024-02-07T17:42:38","modified_gmt":"2024-02-07T15:42:38","slug":"draugi","status":"publish","type":"page","link":"https:\/\/stellarrain.lv\/astro\/draugi\/","title":{"rendered":"Draugi"},"content":{"rendered":"<div><style>\n@media screen and (max-width: 700px) {<br \/>\n.transDIV{<br \/>\n    width:100% !important;<br \/>\ndisplay:block !important;<br \/>\nmargin-top:15px;<br \/>\n}<br \/>\n  }<br \/>\n<\/style>\n<div class=\"transDIV\" style=\"display: inline-block; width: 20%; margin-right: 20px;\"><span style=\"font-size: 25px;\">\u0410\u043b\u0435\u043a\u0441\u0430\u043d\u0434\u0440 \u0421\u043e\u043a\u043e\u043b\u043e\u0432, \u0430\u0441\u0442\u0440\u043e\u043b\u043e\u0433<\/span><br><a href=\"https:\/\/astroskop.livejournal.com\/\" target=\"_blank\" rel=\"noopener\">M\u0101jas lapa<\/a><\/div>\n<div class=\"transDIV\" style=\"display: inline-block; width: 20%; margin-right: 20px;\"><img loading=\"lazy\" width=\"180\" height=\"100\" class=\"alignnone size-full wp-image-211\" src=\"https:\/\/stellarrain.lv\/astro\/wp-content\/uploads\/2018\/12\/SBART1LOG22.png\" alt=\"\"><br><a href=\"http:\/\/sbart.lv\/\" target=\"_blank\" rel=\"noopener\">www.sbart.lv<\/a><br><a href=\"https:\/\/www.facebook.com\/SbArtLV\/?ref=br_rs\" target=\"_blank\" rel=\"noopener\">Facebook lapa<\/a><\/div>\n<div class=\"transDIV\" style=\"display: inline-block; width: 20%; margin-right: 20px;\"><span style=\"font-size: 25px;\">Andra Ra\u010da rado\u0161\u0101 darbn\u012bca<\/span><br><a href=\"http:\/\/www.astrologos.lv\/lv\" target=\"_blank\" rel=\"noopener\">www.astrologos.lv<\/a><\/div>\n<div class=\"transDIV\" style=\"display: inline-block; width: 20%;\"><span style=\"font-size: 25px;\">Ra\u010da Astrolo\u0123ijas skola<\/span><br><a href=\"https:\/\/www.facebook.com\/RacaAstrologijasSkola\/\" target=\"_blank\" rel=\"noopener\">Facebook lapa<\/a><\/div>\n<div style=\"height: 20px;\"><\/div>\n<div class=\"transDIV\" style=\"display: inline-block; width: 20%;\"><span style=\"font-size: 25px;\">Mala &#8211; latvietes kundalini<\/span><br><a href=\"https:\/\/www.facebook.com\/groups\/1367755763325453\" target=\"_blank\" rel=\"noopener\">Facebook lapa<\/a><\/div>\n<div class=\"transDIV\" style=\"display: inline-block; width: 20%;\"><span style=\"font-size: 25px;\">Maija Anelli<\/span><br><a href=\"https:\/\/www.facebook.com\/maija.freidenfelde\" target=\"_blank\" rel=\"noopener\">Facebook lapa<\/a><\/div>\n<\/div>\n\n\n\n<p><\/p>\n","protected":false},"excerpt":{"rendered":"<p>\u0410\u043b\u0435\u043a\u0441\u0430\u043d\u0434\u0440 \u0421\u043e\u043a\u043e\u043b\u043e\u0432, \u0430\u0441\u0442\u0440\u043e\u043b\u043e\u0433M\u0101jas lapa www.sbart.lvFacebook lapa Andra Ra\u010da rado\u0161\u0101 darbn\u012bcawww.astrologos.lv Ra\u010da Astrolo\u0123ijas skolaFacebook lapa Mala &#8211; latvietes kundaliniFacebook lapa Maija AnelliFacebook lapa<\/p>\n","protected":false},"author":1,"featured_media":0,"parent":0,"menu_order":0,"comment_status":"closed","ping_status":"closed","template":"","meta":[],"_links":{"self":[{"href":"https:\/\/stellarrain.lv\/astro\/wp-json\/wp\/v2\/pages\/210"}],"collection":[{"href":"https:\/\/stellarrain.lv\/astro\/wp-json\/wp\/v2\/pages"}],"about":[{"href":"https:\/\/stellarrain.lv\/astro\/wp-json\/wp\/v2\/types\/page"}],"author":[{"embeddable":true,"href":"https:\/\/stellarrain.lv\/astro\/wp-json\/wp\/v2\/users\/1"}],"replies":[{"embeddable":true,"href":"https:\/\/stellarrain.lv\/astro\/wp-json\/wp\/v2\/comments?post=210"}],"version-history":[{"count":13,"href":"https:\/\/stellarrain.lv\/astro\/wp-json\/wp\/v2\/pages\/210\/revisions"}],"predecessor-version":[{"id":340,"href":"https:\/\/stellarrain.lv\/astro\/wp-json\/wp\/v2\/pages\/210\/revisions\/340"}],"wp:attachment":[{"href":"https:\/\/stellarrain.lv\/astro\/wp-json\/wp\/v2\/media?parent=210"}],"curies":[{"name":"wp","href":"https:\/\/api.w.org\/{rel}","templated":true}]}}