{"id":42,"date":"2018-08-04T14:28:03","date_gmt":"2018-08-04T11:28:03","guid":{"rendered":"https:\/\/stellarrain.lv\/astro\/?page_id=42"},"modified":"2019-01-04T20:39:58","modified_gmt":"2019-01-04T18:39:58","slug":"kontakti","status":"publish","type":"page","link":"https:\/\/stellarrain.lv\/astro\/kontakti\/","title":{"rendered":"Kontakti"},"content":{"rendered":"<p><b>E-pasts:<\/b><br \/>\n<span style=\"color: #2a2a2a;\">jolanta@stellarrain.lv<\/span><\/p>\n<p><b>Tel:<\/b><br \/>\n<span style=\"color: #2a2a2a;\">+371 29 148 227<\/span><\/p>\n<p><b>Adrese:<\/b><br \/>\n<span style=\"color: #2a2a2a;\">J\u016brmalas iela 11, Liep\u0101ja<\/span><br \/>\n<iframe loading=\"lazy\" src=\"https:\/\/www.google.com\/maps\/embed?pb=!1m18!1m12!1m3!1d2202.0676443690786!2d21.00091061595969!3d56.50104448076006!2m3!1f0!2f0!3f0!3m2!1i1024!2i768!4f13.1!3m3!1m2!1s0x46faa60f08d27ee1%3A0xa4e447ee9a82a770!2sJ%C5%ABrmalas+iela+11%2C+Liep%C4%81ja%2C+LV-3401!5e0!3m2!1sen!2slv!4v1543771278486\" width=\"600\" height=\"450\" frameborder=\"0\" style=\"border:0\" allowfullscreen><\/iframe><\/p>\n<h3>Sazinieties ar mani:<\/h3>\n<div role=\"form\" class=\"wpcf7\" id=\"wpcf7-f48-o1\" lang=\"lv\" dir=\"ltr\">\n<div class=\"screen-reader-response\"><\/div>\n<form action=\"\/astro\/wp-json\/wp\/v2\/pages\/42#wpcf7-f48-o1\" method=\"post\" class=\"wpcf7-form\" novalidate=\"novalidate\">\n<div style=\"display: none;\">\n<input type=\"hidden\" name=\"_wpcf7\" value=\"48\" \/>\n<input type=\"hidden\" name=\"_wpcf7_version\" value=\"5.0.3\" \/>\n<input type=\"hidden\" name=\"_wpcf7_locale\" value=\"lv\" \/>\n<input type=\"hidden\" name=\"_wpcf7_unit_tag\" value=\"wpcf7-f48-o1\" \/>\n<input type=\"hidden\" name=\"_wpcf7_container_post\" value=\"0\" \/>\n<\/div>\n<p><label> V\u0101rds, Uzv\u0101rds: (oblig\u0101ti)<br \/>\n    <span class=\"wpcf7-form-control-wrap your-name\"><input type=\"text\" name=\"your-name\" value=\"\" size=\"40\" class=\"wpcf7-form-control wpcf7-text wpcf7-validates-as-required\" aria-required=\"true\" aria-invalid=\"false\" \/><\/span> <\/label><\/p>\n<p><label> E-pasts: (oblig\u0101ti)<br \/>\n    <span class=\"wpcf7-form-control-wrap your-email\"><input type=\"email\" name=\"your-email\" value=\"\" size=\"40\" class=\"wpcf7-form-control wpcf7-text wpcf7-email wpcf7-validates-as-required wpcf7-validates-as-email\" aria-required=\"true\" aria-invalid=\"false\" \/><\/span> <\/label><\/p>\n<p><label> T\u0113ma:<br \/>\n    <span class=\"wpcf7-form-control-wrap your-subject\"><input type=\"text\" name=\"your-subject\" value=\"\" size=\"40\" class=\"wpcf7-form-control wpcf7-text\" aria-invalid=\"false\" \/><\/span> <\/label><\/p>\n<p><label> J\u016bsu zi\u0146a:<br \/>\n    <span class=\"wpcf7-form-control-wrap your-message\"><textarea name=\"your-message\" cols=\"40\" rows=\"10\" class=\"wpcf7-form-control wpcf7-textarea\" aria-invalid=\"false\"><\/textarea><\/span> <\/label><\/p>\n<p><input type=\"submit\" value=\"S\u016bt\u012bt\" class=\"wpcf7-form-control wpcf7-submit\" \/><\/p>\n<div class=\"wpcf7-response-output wpcf7-display-none\"><\/div><\/form><\/div>\n","protected":false},"excerpt":{"rendered":"<p>E-pasts: jolanta@stellarrain.lv Tel: +371 29 148 227 Adrese: J\u016brmalas iela 11, Liep\u0101ja Sazinieties ar mani:<\/p>\n","protected":false},"author":1,"featured_media":0,"parent":0,"menu_order":0,"comment_status":"closed","ping_status":"closed","template":"","meta":[],"_links":{"self":[{"href":"https:\/\/stellarrain.lv\/astro\/wp-json\/wp\/v2\/pages\/42"}],"collection":[{"href":"https:\/\/stellarrain.lv\/astro\/wp-json\/wp\/v2\/pages"}],"about":[{"href":"https:\/\/stellarrain.lv\/astro\/wp-json\/wp\/v2\/types\/page"}],"author":[{"embeddable":true,"href":"https:\/\/stellarrain.lv\/astro\/wp-json\/wp\/v2\/users\/1"}],"replies":[{"embeddable":true,"href":"https:\/\/stellarrain.lv\/astro\/wp-json\/wp\/v2\/comments?post=42"}],"version-history":[{"count":9,"href":"https:\/\/stellarrain.lv\/astro\/wp-json\/wp\/v2\/pages\/42\/revisions"}],"predecessor-version":[{"id":259,"href":"https:\/\/stellarrain.lv\/astro\/wp-json\/wp\/v2\/pages\/42\/revisions\/259"}],"wp:attachment":[{"href":"https:\/\/stellarrain.lv\/astro\/wp-json\/wp\/v2\/media?parent=42"}],"curies":[{"name":"wp","href":"https:\/\/api.w.org\/{rel}","templated":true}]}}