{"id":58,"date":"2018-08-30T12:00:14","date_gmt":"2018-08-30T09:00:14","guid":{"rendered":"https:\/\/stellarrain.lv\/astro\/?page_id=58"},"modified":"2024-02-08T20:23:54","modified_gmt":"2024-02-08T18:23:54","slug":"astrologijas-skola","status":"publish","type":"page","link":"https:\/\/stellarrain.lv\/astro\/astrologijas-skola\/","title":{"rendered":"Astrolo\u0123ijas skola"},"content":{"rendered":"<ul style=\"margin-left: 15px; font-size: smaller; color: red;\">\n<li>Interesentiem par astrolo\u0123ijas skolu l\u016bgums zvan\u012bt jebkur\u0101 laik\u0101 person\u012bgi mob. nr. 29148227<\/li>\n<\/ul>\n<p><img loading=\"lazy\" width=\"960\" height=\"640\" class=\"alignnone size-medium wp-image-156\" src=\"https:\/\/stellarrain.lv\/astro\/wp-content\/uploads\/2018\/12\/47680869_322100865065426_6341307934512775168_n.jpg\" alt=\"\" srcset=\"https:\/\/stellarrain.lv\/astro\/wp-content\/uploads\/2018\/12\/47680869_322100865065426_6341307934512775168_n.jpg 960w, https:\/\/stellarrain.lv\/astro\/wp-content\/uploads\/2018\/12\/47680869_322100865065426_6341307934512775168_n-300x200.jpg 300w, https:\/\/stellarrain.lv\/astro\/wp-content\/uploads\/2018\/12\/47680869_322100865065426_6341307934512775168_n-768x512.jpg 768w, https:\/\/stellarrain.lv\/astro\/wp-content\/uploads\/2018\/12\/47680869_322100865065426_6341307934512775168_n-816x544.jpg 816w\" sizes=\"(max-width: 960px) 100vw, 960px\" \/><\/p>\n<h4>\u201eJolantas Kr\u016bmi\u0146as astrolo\u0123ijas studija\u201d<\/h4>\n<p>Pilns studiju ilgums \u2013 3 gadi, ta\u010du m\u0101c\u012bbas notiek 3 l\u012bme\u0146os:<br \/>\nStudijas notiek gan kl\u0101tien\u0113, gan att\u0101lin\u0101ti un ir iesp\u0113ja m\u0101c\u012bties no jebkuras pasaules vietas.<\/p>\n<ul>\n<li>Astrolo\u0123ijas ABC un ieg\u016btas zin\u0101\u0161anas kosmogrammas anal\u012bz\u0113;<\/li>\n<li>Horoskopa piln\u012bga izpratne;<\/li>\n<li>Sinastrisk\u0101 (sader\u012bbas) astrolo\u0123ija un progno\u017eu meto\u017eu izpratne un pielieto\u0161ana.<\/li>\n<\/ul>\n<p>Nodarb\u012bbas notiek 2 reizes m\u0113nes\u012b (darbdienu vakaros) vai 1 reizi m\u0113nes\u012b (visa p\u0113cpusdiena)<br \/>\nKatrs m\u0101c\u012bbu gads ietver konkr\u0113ta l\u012bme\u0146a zin\u0101\u0161anu apguvi.<br \/>\nVar izv\u0113l\u0113ties apg\u016bt tikai vienu vai divus m\u0101c\u012bbu l\u012bme\u0146us.<br \/>\nM\u0101c\u012bbu maksa ir 50 eur m\u0113nes\u012b, kas ietver sev\u012b visus materi\u0101lus, video ierakstus un prezent\u0101cijas.<br \/>\nAr priek\u0161zin\u0101\u0161an\u0101m var pievienoties 2. un 3. kursam.<br \/>\nM\u0113r\u0137is ir ieg\u016bt pilnv\u0113rt\u012bgas zin\u0101\u0161anas Klasiskaj\u0101 Rietumu astrolo\u0123ij\u0101.<br \/>\n<img loading=\"lazy\" width=\"534\" height=\"340\" class=\"alignnone size-medium wp-image-161\" src=\"https:\/\/stellarrain.lv\/astro\/wp-content\/uploads\/2018\/12\/48339125_350447222488586_9101198685642948608_n.jpg\" alt=\"\" srcset=\"https:\/\/stellarrain.lv\/astro\/wp-content\/uploads\/2018\/12\/48339125_350447222488586_9101198685642948608_n.jpg 534w, https:\/\/stellarrain.lv\/astro\/wp-content\/uploads\/2018\/12\/48339125_350447222488586_9101198685642948608_n-300x191.jpg 300w\" sizes=\"(max-width: 534px) 100vw, 534px\" \/><br \/>\n<!--\n\n\n<div style=\"overflow:hidden\"><a style=\"padding:10px;background:#0093C2;color:black;\" href=\"https:\/\/stellarrain.lv\/astro\/astrologijas-skolas-galerija\" target=\"_blank\" rel=\"noopener\">Galerija<\/a><\/div>\n\n\n--><br \/>\n<a href=\"https:\/\/stellarrain.lv\/astro\/astrologijas-skolas-galerija\" target=\"_blank\" rel=\"noopener\"><button style=\"cursor: pointer; padding: 10px; background: #0093C2;\">Galerija<\/button><\/a><br \/>\nNoteikti zini k\u0101da ir tava Saules z\u012bme. Bet vai zini, ka Saules z\u012bme ir tikai pats s\u0101kums astrolo\u0123ij\u0101, un ka kaut kur tav\u0101 dzim\u0161anas kart\u0113 ir sastopamas visas divpadsmit Z\u012bmes? Un ka tav\u0101 kart\u0113 ir ne tikai Saule, bet ar\u012b M\u0113ness un citas Plan\u0113tas. Ir ar\u012b astrolo\u0123isk\u0101s M\u0101jas. Plan\u0113tas un astrolo\u0123isk\u0101s Z\u012bmes sav\u0101s M\u0101j\u0101s veido t\u0113lu, balstoties uz tavas dzim\u0161anas datumu, vietu un laiku. Tas ir unik\u0101ls, k\u0101 katrs Visuma mirklis.<br \/>\nAstrolo\u0123ija izmanto Visuma harmoniju, lai nov\u0113rotu iesp\u0113jamo cilv\u0113ka uzved\u012bbu un pieredzi. T\u0101s ir v\u0113rt\u012bgas zin\u0101\u0161anas, kas dod iesp\u0113ju lab\u0101k saprast sevi, citus un pasauli sev apk\u0101rt.Pal\u012bdz pie\u0146emt cilv\u0113kus un varb\u016bt p\u0101rst\u0101t tos v\u0113rt\u0113t&#8230;<br \/>\nT\u0101 atspogu\u013co tavas iesp\u0113jas. Astrolo\u0123ija ir br\u012bni\u0161\u0137\u012bga iesp\u0113ja, k\u0101 lab\u0101k iepaz\u012bt savu unik\u0101lo &#8220;&#8216;Es&#8221;.<br \/>\nNoteikti noder\u012bgas zin\u0101\u0161anas pedago\u0123ij\u0101, lai ieraudz\u012btu savus audz\u0113k\u0146us, iesp\u0113jams, cit\u0101 gaism\u0101. Varb\u016bt liks p\u0101rv\u0113rt\u0113t savu dz\u012bves filozofiju&#8230;?<br \/>\n<img loading=\"lazy\" width=\"960\" height=\"640\" class=\"alignnone size-medium wp-image-162\" src=\"https:\/\/stellarrain.lv\/astro\/wp-content\/uploads\/2018\/12\/47578541_498139077346755_1939099548559343616_n.jpg\" alt=\"\" srcset=\"https:\/\/stellarrain.lv\/astro\/wp-content\/uploads\/2018\/12\/47578541_498139077346755_1939099548559343616_n.jpg 960w, https:\/\/stellarrain.lv\/astro\/wp-content\/uploads\/2018\/12\/47578541_498139077346755_1939099548559343616_n-300x200.jpg 300w, https:\/\/stellarrain.lv\/astro\/wp-content\/uploads\/2018\/12\/47578541_498139077346755_1939099548559343616_n-768x512.jpg 768w, https:\/\/stellarrain.lv\/astro\/wp-content\/uploads\/2018\/12\/47578541_498139077346755_1939099548559343616_n-816x544.jpg 816w\" sizes=\"(max-width: 960px) 100vw, 960px\" \/><\/p>\n<h5 style=\"text-decoration: underline;\">Programmas visp\u0101r\u0113js ieskats: (1. gads)<\/h5>\n<p>Ievads astrolo\u0123ij\u0101, astrolo\u0123ijas v\u0113sture<br \/>\nZodiaka z\u012bmes<br \/>\nStihijas<br \/>\nKrusti<br \/>\nPlan\u0113tas<br \/>\nAstronomija astrolo\u0123ij\u0101<br \/>\nPlan\u0113tas z\u012bm\u0113s<br \/>\nPlan\u0113tu v\u0113rt\u012bbas,recepsijas<br \/>\nDispoz\u012bciju \u0137\u0113des<br \/>\nAspekti<br \/>\nAspektu fig\u016bras<br \/>\nD\u017eonsa fig\u016bras<\/p>\n<h5 style=\"text-decoration: underline;\">(2.gads)<\/h5>\n<p>Horoskopa m\u0101jas<br \/>\nPussf\u0113ras, kvadranti<br \/>\nPlan\u0113tas m\u0101j\u0101s<br \/>\nPlan\u0113tas m\u0101ju p\u0101rvaldnieki<br \/>\n<img loading=\"lazy\" width=\"960\" height=\"639\" class=\"alignnone size-medium wp-image-164\" src=\"https:\/\/stellarrain.lv\/astro\/wp-content\/uploads\/2018\/12\/47572132_207853593428432_499375418009190400_n.jpg\" alt=\"\" srcset=\"https:\/\/stellarrain.lv\/astro\/wp-content\/uploads\/2018\/12\/47572132_207853593428432_499375418009190400_n.jpg 960w, https:\/\/stellarrain.lv\/astro\/wp-content\/uploads\/2018\/12\/47572132_207853593428432_499375418009190400_n-300x200.jpg 300w, https:\/\/stellarrain.lv\/astro\/wp-content\/uploads\/2018\/12\/47572132_207853593428432_499375418009190400_n-768x511.jpg 768w, https:\/\/stellarrain.lv\/astro\/wp-content\/uploads\/2018\/12\/47572132_207853593428432_499375418009190400_n-816x543.jpg 816w\" sizes=\"(max-width: 960px) 100vw, 960px\" \/><br \/>\n<img loading=\"lazy\" width=\"960\" height=\"635\" class=\"alignnone size-medium wp-image-165\" src=\"https:\/\/stellarrain.lv\/astro\/wp-content\/uploads\/2018\/12\/47686236_2281538401858403_7515652319380242432_n.jpg\" alt=\"\" srcset=\"https:\/\/stellarrain.lv\/astro\/wp-content\/uploads\/2018\/12\/47686236_2281538401858403_7515652319380242432_n.jpg 960w, https:\/\/stellarrain.lv\/astro\/wp-content\/uploads\/2018\/12\/47686236_2281538401858403_7515652319380242432_n-300x198.jpg 300w, https:\/\/stellarrain.lv\/astro\/wp-content\/uploads\/2018\/12\/47686236_2281538401858403_7515652319380242432_n-768x508.jpg 768w, https:\/\/stellarrain.lv\/astro\/wp-content\/uploads\/2018\/12\/47686236_2281538401858403_7515652319380242432_n-816x540.jpg 816w\" sizes=\"(max-width: 960px) 100vw, 960px\" \/><\/p>\n<h5 style=\"text-decoration: underline;\">(3. gads)<\/h5>\n<p>Sinastrisk\u0101s, vid\u0113j\u0101s, kompoz\u012btu (sader\u012bbu) kartes<br \/>\nProgno\u017eu metodes un to pielieto\u0161ana<br \/>\nHoroskopa rektific\u0113\u0161ana (dzim\u0161anas laika preciz\u0113\u0161ana)<br \/>\nAstrolo\u0123isk\u0101 konsult\u0113\u0161ana<br \/>\n<img loading=\"lazy\" width=\"960\" height=\"639\" class=\"alignnone size-medium wp-image-166\" src=\"https:\/\/stellarrain.lv\/astro\/wp-content\/uploads\/2018\/12\/48052586_787396881598343_1361705409668186112_n.jpg\" alt=\"\" srcset=\"https:\/\/stellarrain.lv\/astro\/wp-content\/uploads\/2018\/12\/48052586_787396881598343_1361705409668186112_n.jpg 960w, https:\/\/stellarrain.lv\/astro\/wp-content\/uploads\/2018\/12\/48052586_787396881598343_1361705409668186112_n-300x200.jpg 300w, https:\/\/stellarrain.lv\/astro\/wp-content\/uploads\/2018\/12\/48052586_787396881598343_1361705409668186112_n-768x511.jpg 768w, https:\/\/stellarrain.lv\/astro\/wp-content\/uploads\/2018\/12\/48052586_787396881598343_1361705409668186112_n-816x543.jpg 816w\" sizes=\"(max-width: 960px) 100vw, 960px\" \/><br \/>\nParal\u0113li visam kursam regul\u0101ri &#8211; kosmogramas, horoskopa interpret\u0101cijas, inform\u0101cijas anal\u012bzes un sint\u0113zes iema\u0146u apg\u016b\u0161ana, patst\u0101v\u012bgie darbi tematu ietvaros &#8211; zin\u0101\u0161anu nostiprin\u0101\u0161anai, un patst\u0101v\u012bgie darbi t\u0113mu nosl\u0113gumos.<\/p>\n<h6>Ja tas ir tas, ko tu v\u0113lies apg\u016bt un izzin\u0101t \u2013 raksti vai zvani:<\/h6>\n<p>jolanta@stellarrain.lv vai + 371 29148227<\/p>\n","protected":false},"excerpt":{"rendered":"<p>Interesentiem par astrolo\u0123ijas skolu l\u016bgums zvan\u012bt jebkur\u0101 laik\u0101 person\u012bgi mob. nr. 29148227 \u201eJolantas Kr\u016bmi\u0146as astrolo\u0123ijas studija\u201d Pilns studiju ilgums \u2013 3 gadi, ta\u010du m\u0101c\u012bbas notiek 3 l\u012bme\u0146os: Studijas notiek gan kl\u0101tien\u0113, gan att\u0101lin\u0101ti un ir iesp\u0113ja m\u0101c\u012bties no jebkuras pasaules vietas. Astrolo\u0123ijas ABC un ieg\u016btas zin\u0101\u0161anas kosmogrammas anal\u012bz\u0113; Horoskopa piln\u012bga izpratne; Sinastrisk\u0101 (sader\u012bbas) astrolo\u0123ija un [&hellip;]<\/p>\n","protected":false},"author":1,"featured_media":0,"parent":0,"menu_order":0,"comment_status":"closed","ping_status":"closed","template":"","meta":[],"_links":{"self":[{"href":"https:\/\/stellarrain.lv\/astro\/wp-json\/wp\/v2\/pages\/58"}],"collection":[{"href":"https:\/\/stellarrain.lv\/astro\/wp-json\/wp\/v2\/pages"}],"about":[{"href":"https:\/\/stellarrain.lv\/astro\/wp-json\/wp\/v2\/types\/page"}],"author":[{"embeddable":true,"href":"https:\/\/stellarrain.lv\/astro\/wp-json\/wp\/v2\/users\/1"}],"replies":[{"embeddable":true,"href":"https:\/\/stellarrain.lv\/astro\/wp-json\/wp\/v2\/comments?post=58"}],"version-history":[{"count":24,"href":"https:\/\/stellarrain.lv\/astro\/wp-json\/wp\/v2\/pages\/58\/revisions"}],"predecessor-version":[{"id":350,"href":"https:\/\/stellarrain.lv\/astro\/wp-json\/wp\/v2\/pages\/58\/revisions\/350"}],"wp:attachment":[{"href":"https:\/\/stellarrain.lv\/astro\/wp-json\/wp\/v2\/media?parent=58"}],"curies":[{"name":"wp","href":"https:\/\/api.w.org\/{rel}","templated":true}]}}